{"id":173,"date":"2025-04-16T17:38:20","date_gmt":"2025-04-16T15:38:20","guid":{"rendered":"https:\/\/anis.trading\/postanowienia-ogolne\/"},"modified":"2025-04-16T17:38:20","modified_gmt":"2025-04-16T15:38:20","slug":"postanowienia-ogolne","status":"publish","type":"page","link":"https:\/\/anis.trading\/pl\/postanowienia-ogolne\/","title":{"rendered":"Postanowienia og\u00f3lne"},"content":{"rendered":"<p>[et_pb_section fb_built=&#8221;1&#8243; theme_builder_area=&#8221;post_content&#8221; _builder_version=&#8221;4.27.4&#8243; _module_preset=&#8221;default&#8221;][et_pb_row _builder_version=&#8221;4.27.4&#8243; _module_preset=&#8221;default&#8221; theme_builder_area=&#8221;post_content&#8221;][et_pb_column _builder_version=&#8221;4.27.4&#8243; _module_preset=&#8221;default&#8221; type=&#8221;4_4&#8243; theme_builder_area=&#8221;post_content&#8221;][et_pb_text _builder_version=&#8221;4.27.4&#8243; _module_preset=&#8221;default&#8221; theme_builder_area=&#8221;post_content&#8221; hover_enabled=&#8221;0&#8243; sticky_enabled=&#8221;0&#8243;]<\/p>\n<h1 align=\"center\"><span lang=\"en-SG\"><u><b>Postanowienia og\u00f3lne<\/b><\/u><\/span><\/h1>\n<ol>\n<li>\n<p align=\"justify\"><span lang=\"en-SG\">Niniejsze Og\u00f3lne Warunki Sprzeda\u017cy (zwane dalej \u201eOWS\u201d) maj\u0105 zastosowanie do wszystkich ofert i um\u00f3w zawieranych z ANIS TRADING SERVICES SP. Z O.O. z siedzib\u0105 w Warszawie (zwan\u0105 dalej &#8222;Sprzedawc\u0105&#8221; lub \u201eSprzedaj\u0105cym\u201d) w zakresie sprzeda\u017cy i dostawy towar\u00f3w przez Sprzedaj\u0105cego na rzecz strony, do kt\u00f3rej skierowana jest oferta (zwanej dalej \u201eKupuj\u0105cym\u201d). OWS stanowi\u0105 integraln\u0105 cz\u0119\u015b\u0107 wszystkich um\u00f3w sprzeda\u017cy zawieranych przez Sprzedawc\u0119 i okre\u015blaj\u0105 wzajemne relacje pomi\u0119dzy Sprzedawc\u0105 a Kupuj\u0105cym. Ka\u017cde odst\u0119pstwo od stosowania niniejszych OWS wymagaj\u0105 pisemnej zgody Sprzedaj\u0105cego, pod rygorem niewa\u017cno\u015bci.   <\/span><\/p>\n<\/li>\n<li>\n<p align=\"justify\"><span lang=\"en-SG\">Sk\u0142adaj\u0105c zam\u00f3wienie u Sprzedaj\u0105cego, Kupuj\u0105cy wyra\u017ca zgod\u0119 na wy\u0142\u0105czenie stosowania w\u0142asnych og\u00f3lnych warunk\u00f3w handlowych w umowie zawartej ze Sprzedaj\u0105cym.<\/span><\/p>\n<\/li>\n<li>\n<p align=\"justify\"><span lang=\"en-SG\">Sprzedaj\u0105cy zobowi\u0105zuje si\u0119 do sprzeda\u017cy oferowanego asortymentu Kupuj\u0105cemu, a Kupuj\u0105cy zobowi\u0105zuje si\u0119 do zakupu produkt\u00f3w w oparciu o stworzone przez Sprzedaj\u0105cego oferty handlowe, zgodnie z postanowieniami OWS.<\/span><\/p>\n<\/li>\n<\/ol>\n<h2><span lang=\"en-SG\"><u>Warunki transakcji<\/u><\/span><\/h2>\n<ol>\n<li>\n<p align=\"justify\"><span lang=\"en-SG\">Sprzedawany asortyment b\u0119dzie ka\u017cdorazowo uzgadniany pomi\u0119dzy Sprzedaj\u0105cym a Kupuj\u0105cym, z uwzgl\u0119dnieniem terminu, miejsca i sposobu dostawy, ilo\u015bci i ceny towaru, a tak\u017ce daty wa\u017cno\u015bci (je\u015bli jest wymagana) oraz koszt\u00f3w zwi\u0105zanych z transportem.<\/span><\/p>\n<\/li>\n<li>\n<p align=\"justify\"><span lang=\"en-SG\">Kupuj\u0105cy mo\u017ce sk\u0142ada\u0107 zam\u00f3wienia za po\u015brednictwem poczty elektronicznej lub telefonu, jednak warunkiem realizacji zam\u00f3wie\u0144 telefonicznych jest wys\u0142anie potwierdzenia mailowego w ci\u0105gu 24 godzin.<\/span><\/p>\n<\/li>\n<li>\n<p align=\"justify\"><span lang=\"en-SG\">Je\u015bli zam\u00f3wienia sk\u0142adane s\u0105 poczt\u0105 elektroniczn\u0105, zostan\u0105 wys\u0142ane na adres export@anis.trading lub na bezpo\u015bredni adres osoby kontaktowej Kupuj\u0105cego z domen\u0105 @anis.trading.<\/span><\/p>\n<\/li>\n<li>\n<p align=\"justify\"><span lang=\"en-SG\">Bezpo\u015brednie numery telefon\u00f3w i adresy e-mail przedstawiciela handlowego Kupuj\u0105cego zostan\u0105 przekazane przez Sprzedawc\u0119 na adres e-mail podany przez Kupuj\u0105cego lub telefonicznie.<\/span><\/p>\n<\/li>\n<li>\n<p align=\"justify\"><span lang=\"en-SG\">Kupuj\u0105cy ma obowi\u0105zek za\u017c\u0105da\u0107 wszelkich dodatkowych dokument\u00f3w zwi\u0105zanych z realizacj\u0105 zam\u00f3wienia (np. \u015bwiadectw pochodzenia towar\u00f3w, \u015bwiadectw zdrowia, dokumentu EUR1) w korespondencji mailowej, najp\u00f3\u017aniej na etapie uzgadniania warunk\u00f3w transakcji, przed wysy\u0142k\u0105 towaru. Brak takiego zawiadomienia zwalnia Sprzedawc\u0119 z obowi\u0105zku dostarczenia tych dokument\u00f3w. Wszelkie kolejne wnioski nie b\u0119d\u0105 rozpatrywane.  <\/span><\/p>\n<\/li>\n<\/ol>\n<h2><span lang=\"en-SG\"><u>P\u0142atno\u015bci<\/u><\/span><\/h2>\n<ol>\n<li>\n<p><span lang=\"en-SG\">Cena towar\u00f3w sprzedanych Kupuj\u0105cemu ustalana jest indywidualnie dla ka\u017cdej transakcji.<\/span><\/p>\n<\/li>\n<li>\n<p><span lang=\"en-SG\">Termin p\u0142atno\u015bci za towary b\u0119dzie ustalany indywidualnie i ka\u017cdorazowo dla danej transakcji na fakturze. Za dzie\u0144 zap\u0142aty strony uznaj\u0105 dzie\u0144 wp\u0142ywu zap\u0142aty na rachunek Sprzedaj\u0105cego. <\/span><\/p>\n<\/li>\n<li>\n<p><span lang=\"en-SG\">Kupuj\u0105cy zobowi\u0105zuje si\u0119 do zap\u0142aty za zam\u00f3wienie w ca\u0142o\u015bci, nie p\u00f3\u017aniej ni\u017c w terminie 7 dni od dnia otrzymania faktury proforma.<\/span><\/p>\n<\/li>\n<li>\n<p><span lang=\"en-SG\">Sprzedaj\u0105cy mo\u017ce za\u017c\u0105da\u0107 od Kupuj\u0105cego wp\u0142aty zadatku w wysoko\u015bci 30% w celu z\u0142o\u017cenia zam\u00f3wienia i rezerwacji towaru.<\/span><\/p>\n<\/li>\n<li>\n<p><span lang=\"en-SG\">Numer rachunku bankowego Sprzedaj\u0105cego, na kt\u00f3ry Kupuj\u0105cy jest zobowi\u0105zany dokona\u0107 terminowej p\u0142atno\u015bci wskazany jest na fakturze proforma lub na fakturze. W przypadku op\u00f3\u017anienia w zap\u0142acie, Sprzedaj\u0105cy jest uprawniony do naliczenia odsetek w wysoko\u015bci odsetek ustawowych w transakcjach handlowych za ka\u017cdy dzie\u0144 op\u00f3\u017anienia do dnia zap\u0142aty. <\/span><\/p>\n<\/li>\n<li>\n<p><span lang=\"en-SG\">Wp\u0142acaj\u0105c zadatek, Kupuj\u0105cy o\u015bwiadcza, i\u017c zapozna\u0142 si\u0119 z dokumentem i akceptuje, \u017ce w przypadku niewywi\u0105zania si\u0119 przez niego ze zobowi\u0105za\u0144 wynikaj\u0105cych z umowy, w tym tak\u017ce nie odebrania zam\u00f3wionego towaru, Sprzedaj\u0105cy jest uprawniony do zatrzymania wp\u0142aconego zadatku, bez zwrotu wp\u0142aconej kwoty.<\/span><\/p>\n<\/li>\n<\/ol>\n<h2><span lang=\"en-SG\"><u>Dostawa i wysy\u0142ka<\/u><\/span><\/h2>\n<ol>\n<li>\n<p align=\"justify\"><span lang=\"en-SG\">Towary powinny zosta\u0107 zebrane oraz wys\u0142ane ze znajduj\u0105cego si\u0119 w Polsce magazynu Sprzedawcy.<\/span><\/p>\n<\/li>\n<li>\n<p align=\"justify\"><span lang=\"en-SG\">Kupuj\u0105cy powinien ponie\u015b\u0107 koszty transportu oraz koszty europalet. Koszty te zostan\u0105 uwzgl\u0119dnione jako osobna pozycja na fakturze proforma i na fakturze. W przypadku odbioru osobistego lub odbioru transportem zam\u00f3wionym przez Kupuj\u0105cego, koszty transportu nie b\u0119d\u0105 uwzgl\u0119dnione na fakturze proforma ani na fakturze.  <\/span><\/p>\n<\/li>\n<li>\n<p align=\"justify\"><span lang=\"en-SG\">W przypadku zam\u00f3wienia z odbiorem w\u0142asnym Kupuj\u0105cego, Kupuj\u0105cy prze\u015ble Sprzedaj\u0105cemu poczt\u0105 elektroniczn\u0105 dane potrzebne do odbioru towaru &#8211; imi\u0119 i nazwisko kierowcy oraz numer samochodu ci\u0119\u017carowego i przyczepy. Ponadto, w przypadku transakcji EX, Kupuj\u0105cy zobowi\u0105zany jest do przes\u0142ania numeru granicy, przez kt\u00f3r\u0105 towar b\u0119dzie przekracza\u0142, kosztu transportu drogowego towar\u00f3w do granicy UE oraz numeru kontenera. <\/span><\/p>\n<\/li>\n<li>\n<p align=\"justify\"><span lang=\"en-SG\">Sprzedaj\u0105cy ponosi koszty zwi\u0105zane z odpraw\u0105 celn\u0105 i wykonuje t\u0119 us\u0142ug\u0119 samodzielnie.<\/span><\/p>\n<\/li>\n<li>\n<p align=\"justify\"><span lang=\"en-SG\">Sprzedaj\u0105cy ka\u017cdorazowo poinformuje Kupuj\u0105cego o sposobie i terminie dostawy oraz o kosztach zwi\u0105zanych z dostaw\u0105 towaru drog\u0105 mailow\u0105 lub telefoniczn\u0105.<\/span><\/p>\n<\/li>\n<li>\n<p align=\"justify\"><span lang=\"en-SG\">Ryzyko przypadkowej utraty lub uszkodzenia towaru przechodzi na Kupuj\u0105cego z chwil\u0105 wydania towaru Kupuj\u0105cemu lub przewo\u017anikowi.<\/span><\/p>\n<\/li>\n<li>\n<p align=\"justify\"><span lang=\"en-SG\">Sprzedaj\u0105cy zastrzega sobie prawo w\u0142asno\u015bci sprzedanych i dostarczonych towar\u00f3w do czasu dokonania p\u0142atno\u015bci. W\u0142asno\u015b\u0107 towaru przechodzi na Kupuj\u0105cego pod warunkiem zap\u0142aty pe\u0142nej kwoty nale\u017cnej (zgodnie z art. 589 k.c.). Kupuj\u0105cy ponosi odpowiedzialno\u015b\u0107 za ilo\u015b\u0107 i jako\u015b\u0107 towaru, dop\u00f3ki nie zostanie on w pe\u0142ni op\u0142acony. W przypadku wyst\u0105pienia jakiejkolwiek szkody, Kupuj\u0105cy ponosi odpowiedzialno\u015b\u0107 za tak\u0105 szkod\u0119 na zasadach og\u00f3lnych. W przypadku przeniesienia przez Kupuj\u0105cego posiadania towar\u00f3w na osob\u0119 trzeci\u0105, Kupuj\u0105cy jest zobowi\u0105zany do poinformowania tej osoby o zastrze\u017ceniu w\u0142asno\u015bci Sprzedaj\u0105cego.    <\/span><\/p>\n<\/li>\n<li>\n<p align=\"justify\"><span lang=\"en-SG\">Kupuj\u0105cy zobowi\u0105zuje si\u0119 do odbioru towaru w terminie uzgodnionym ze Sprzedawc\u0105. Je\u017celi towar nie zostanie odebrany w terminie, Sprzedaj\u0105cy zastrzega sobie prawo do naliczenia op\u0142aty za magazynowanie towaru w wysoko\u015bci 5 EUR za palet\u0119 za dzie\u0144 op\u00f3\u017anienia. Po up\u0142ywie 30 dni Sprzedaj\u0105cy ma prawo rozwi\u0105za\u0107 umow\u0119 i domaga\u0107 si\u0119 odszkodowania.  <\/span><\/p>\n<\/li>\n<\/ol>\n<h2><span lang=\"en-SG\"><u>O\u015bwiadczenia<\/u><\/span><\/h2>\n<ol>\n<li>\n<p align=\"justify\"><span lang=\"en-SG\">Kupuj\u0105cy o\u015bwiadcza, \u017ce jest czynnym podatnikiem VAT od towar\u00f3w i us\u0142ug na terenie Unii Europejskiej, przy czym niniejsze o\u015bwiadczenie dotyczy wy\u0142\u0105cznie Kupuj\u0105cych zarejestrowanych w pa\u0144stwie cz\u0142onkowskim UE.<\/span><\/p>\n<\/li>\n<li>\n<p align=\"justify\"><span lang=\"en-SG\">Kupuj\u0105cy spoza Unii Europejskiej niniejszym potwierdza, \u017ce posiada aktywn\u0105 rejestracj\u0119 VAT. Kupuj\u0105cy zobowi\u0105zuje si\u0119 ponadto do niezw\u0142ocznego powiadamiania nas poczt\u0105 elektroniczn\u0105 o wszelkich zmianach w swoim statusie VAT. Je\u015bli Kupuj\u0105cy nie dostarczy takiego powiadomienia i faktura zostanie przez nas wystawiona z za\u0142o\u017ceniem, \u017ce Kupuj\u0105cy posiada aktywn\u0105 rejestracj\u0119 VAT, zastrzegamy sobie prawo do dochodzenia odpowiedniego odszkodowania za wszelkie wynik\u0142e straty finansowe lub administracyjne.  <\/span><\/p>\n<\/li>\n<\/ol>\n<p><span lang=\"en-SG\">3) Kupuj\u0105cy o\u015bwiadcza i potwierdza, \u017ce na dzie\u0144 zawarcia niniejszej Umowy nie zalega z \u017cadnymi nale\u017cnymi p\u0142atno\u015bciami, w tym mi\u0119dzy innymi z zobowi\u0105zaniami wobec Urz\u0119du Skarbowego.<\/span><\/p>\n<p><span lang=\"en-SG\">4) Kupuj\u0105cy niniejszym o\u015bwiadcza, \u017ce wyra\u017ca zgod\u0119 na otrzymywanie za po\u015brednictwem poczty elektronicznej dokument\u00f3w takich jak faktury, faktury proforma, o\u015bwiadczenia o odszkodowaniu i noty koryguj\u0105ce pochodz\u0105ce z domeny @anis.trading. Niniejsza zgoda obejmuje dokumenty finansowe wi\u0105\u017c\u0105ce Kupuj\u0105cego, nawet je\u015bli takie dokumenty s\u0105 wydawane bez podpis\u00f3w Sprzedaj\u0105cego lub Kupuj\u0105cego. <\/span><\/p>\n<p><span lang=\"en-SG\">5) Kupuj\u0105cy zobowi\u0105zuje si\u0119 do niezw\u0142ocznego powiadamiania Sprzedaj\u0105cego o wszelkich istotnych zmianach w przekazanych przez niego informacjach. Obejmuje to mi\u0119dzy innymi zmiany adresu, zmiany statusu prawnego firmy, wszcz\u0119cie post\u0119powania upad\u0142o\u015bciowego lub restrukturyzacyjnego oraz wszelkie inne informacje istotne dla wykonania um\u00f3w zawartych ze Sprzedawc\u0105. <\/span><\/p>\n<p><span lang=\"en-SG\">6) Kupuj\u0105cy o\u015bwiadcza, \u017ce wszelkie towary zakupione od Sprzedaj\u0105cego b\u0119d\u0105 odsprzedawane zgodnie z obowi\u0105zuj\u0105cymi przepisami prawa lub wykorzystywane wy\u0142\u0105cznie do w\u0142asnych cel\u00f3w.<\/span><\/p>\n<h2><span lang=\"en-SG\"><u>Postanowienia ko\u0144cowe<\/u><\/span><\/h2>\n<p><span lang=\"en-SG\">1) Wszelkie spory pomi\u0119dzy Kupuj\u0105cym a Sprzedaj\u0105cym, w tym zwi\u0105zane z wykonywaniem um\u00f3w, o kt\u00f3rych mowa w punkcie \u201ePostanowienia og\u00f3lne \u2013 1)\u201d rozstrzygane b\u0119d\u0105 przez s\u0105d w\u0142a\u015bciwy dla siedziby Sprzedaj\u0105cego.<\/span><\/p>\n<p><span lang=\"en-SG\">2) Odpowiedzialno\u015b\u0107 Sprzedawcy za szkody wynik\u0142e z realizacji umowy ograniczona jest do warto\u015bci zam\u00f3wienia (ceny zakupu towaru). Sprzedaj\u0105cy nie ponosi odpowiedzialno\u015bci za szkody po\u015brednie, utrat\u0119 zysk\u00f3w lub inne szkody wynikaj\u0105ce z dzia\u0142a\u0144 Kupuj\u0105cego lub os\u00f3b trzecich. <\/span><\/p>\n<p><span lang=\"en-SG\">3) Niniejsze Zasady i Warunki, a tak\u017ce wszelkie umowy, do kt\u00f3rych maj\u0105 zastosowanie niniejsze Zasady i Warunki Og\u00f3lne, podlegaj\u0105 prawu polskiemu.<\/span><\/p>\n<p><span lang=\"en-SG\">4) Wszelkie informacje stanowi\u0105ce tajemnice handlowe Sprzedaj\u0105cego, w szczeg\u00f3lno\u015bci informacje organizacyjne, handlowe i techniczne, informacje dotycz\u0105ce obrotu handlowego, stosowanych cen, rabat\u00f3w, specyfikacji produkt\u00f3w, um\u00f3w logistycznych, danych technologicznych, uzyskane przez Kupuj\u0105cego w zwi\u0105zku z wykonywaniem um\u00f3w zawartych przez Strony, stanowi\u0105 informacje poufne, kt\u00f3rych Kupuj\u0105cy nie mo\u017ce ujawnia\u0107 osobom trzecim. Obowi\u0105zek ten nie dotyczy sytuacji, w kt\u00f3rych obowi\u0105zek udzielenia informacji wynika z bezwzgl\u0119dnie obowi\u0105zuj\u0105cych przepis\u00f3w prawa. <\/span><\/p>\n<p><span lang=\"en-SG\">5) Kupuj\u0105cy o\u015bwiadcza, \u017ce nie b\u0119dzie wykorzystywa\u0142 informacji poufnych w \u017cadnym innym celu ni\u017c do realizacji um\u00f3w zawartych ze Sprzedawc\u0105 oraz \u017ce zapewni nale\u017cyt\u0105 ochron\u0119 tych informacji.<\/span><\/p>\n<p><span lang=\"en-SG\">6) Obowi\u0105zek, o kt\u00f3rym mowa powy\u017cej, nie dotyczy tych informacji, kt\u00f3re:<\/span><\/p>\n<ol type=\"a\">\n<li>\n<p><span lang=\"en-SG\">s\u0105 podawane do publicznej wiadomo\u015bci, publikowane i oficjalnie podawane do publicznej wiadomo\u015bci bez naruszenia umowy,<\/span><\/p>\n<\/li>\n<li>\n<p><span lang=\"en-SG\">s\u0105 przedmiotem wniosku o ujawnienie z\u0142o\u017conego przez w\u0142a\u015bciwy organ pa\u0144stwa dzia\u0142aj\u0105cy w granicach swoich kompetencji.<\/span><\/p>\n<\/li>\n<\/ol>\n<p>[\/et_pb_text][\/et_pb_column][\/et_pb_row][\/et_pb_section]<\/p>\n","protected":false},"excerpt":{"rendered":"<p>Postanowienia og\u00f3lne Niniejsze Og\u00f3lne Warunki Sprzeda\u017cy (zwane dalej \u201eOWS\u201d) maj\u0105 zastosowanie do wszystkich ofert i um\u00f3w zawieranych z ANIS TRADING SERVICES SP. Z O.O. z siedzib\u0105 w Warszawie (zwan\u0105 dalej &#8222;Sprzedawc\u0105&#8221; lub \u201eSprzedaj\u0105cym\u201d) w zakresie sprzeda\u017cy i dostawy towar\u00f3w przez Sprzedaj\u0105cego na rzecz strony, do kt\u00f3rej skierowana jest oferta (zwanej dalej \u201eKupuj\u0105cym\u201d). OWS stanowi\u0105 integraln\u0105 [&hellip;]<\/p>\n","protected":false},"author":2,"featured_media":0,"parent":0,"menu_order":0,"comment_status":"closed","ping_status":"closed","template":"","meta":{"_et_pb_use_builder":"on","_et_pb_old_content":"","_et_gb_content_width":"","footnotes":""},"class_list":["post-173","page","type-page","status-publish","hentry"],"yoast_head":"<!-- This site is optimized with the Yoast SEO plugin v26.8 - https:\/\/yoast.com\/product\/yoast-seo-wordpress\/ -->\n<title>Postanowienia og\u00f3lne - Anis Trading<\/title>\n<meta name=\"robots\" content=\"index, follow, max-snippet:-1, max-image-preview:large, max-video-preview:-1\" \/>\n<link rel=\"canonical\" href=\"https:\/\/anis.trading\/pl\/postanowienia-ogolne\/\" \/>\n<meta property=\"og:locale\" content=\"pl_PL\" \/>\n<meta property=\"og:type\" content=\"article\" \/>\n<meta property=\"og:title\" content=\"Postanowienia og\u00f3lne - Anis Trading\" \/>\n<meta property=\"og:description\" content=\"Postanowienia og\u00f3lne Niniejsze Og\u00f3lne Warunki Sprzeda\u017cy (zwane dalej \u201eOWS\u201d) maj\u0105 zastosowanie do wszystkich ofert i um\u00f3w zawieranych z ANIS TRADING SERVICES SP. Z O.O. z siedzib\u0105 w Warszawie (zwan\u0105 dalej &quot;Sprzedawc\u0105&quot; lub \u201eSprzedaj\u0105cym\u201d) w zakresie sprzeda\u017cy i dostawy towar\u00f3w przez Sprzedaj\u0105cego na rzecz strony, do kt\u00f3rej skierowana jest oferta (zwanej dalej \u201eKupuj\u0105cym\u201d). OWS stanowi\u0105 integraln\u0105 [&hellip;]\" \/>\n<meta property=\"og:url\" content=\"https:\/\/anis.trading\/pl\/postanowienia-ogolne\/\" \/>\n<meta property=\"og:site_name\" content=\"Anis Trading\" \/>\n<meta name=\"twitter:card\" content=\"summary_large_image\" \/>\n<meta name=\"twitter:label1\" content=\"Szacowany czas czytania\" \/>\n\t<meta name=\"twitter:data1\" content=\"8 minut\" \/>\n<script type=\"application\/ld+json\" class=\"yoast-schema-graph\">{\"@context\":\"https:\/\/schema.org\",\"@graph\":[{\"@type\":\"WebPage\",\"@id\":\"https:\/\/anis.trading\/pl\/postanowienia-ogolne\/\",\"url\":\"https:\/\/anis.trading\/pl\/postanowienia-ogolne\/\",\"name\":\"Postanowienia og\u00f3lne - Anis Trading\",\"isPartOf\":{\"@id\":\"https:\/\/anis.trading\/pl\/#website\"},\"datePublished\":\"2025-04-16T15:38:20+00:00\",\"breadcrumb\":{\"@id\":\"https:\/\/anis.trading\/pl\/postanowienia-ogolne\/#breadcrumb\"},\"inLanguage\":\"pl-PL\",\"potentialAction\":[{\"@type\":\"ReadAction\",\"target\":[\"https:\/\/anis.trading\/pl\/postanowienia-ogolne\/\"]}]},{\"@type\":\"BreadcrumbList\",\"@id\":\"https:\/\/anis.trading\/pl\/postanowienia-ogolne\/#breadcrumb\",\"itemListElement\":[{\"@type\":\"ListItem\",\"position\":1,\"name\":\"Home\",\"item\":\"https:\/\/anis.trading\/pl\/homepage\/\"},{\"@type\":\"ListItem\",\"position\":2,\"name\":\"Postanowienia og\u00f3lne\"}]},{\"@type\":\"WebSite\",\"@id\":\"https:\/\/anis.trading\/pl\/#website\",\"url\":\"https:\/\/anis.trading\/pl\/\",\"name\":\"Anis Trading\",\"description\":\"\",\"potentialAction\":[{\"@type\":\"SearchAction\",\"target\":{\"@type\":\"EntryPoint\",\"urlTemplate\":\"https:\/\/anis.trading\/pl\/?s={search_term_string}\"},\"query-input\":{\"@type\":\"PropertyValueSpecification\",\"valueRequired\":true,\"valueName\":\"search_term_string\"}}],\"inLanguage\":\"pl-PL\"}]}<\/script>\n<!-- \/ Yoast SEO plugin. -->","yoast_head_json":{"title":"Postanowienia og\u00f3lne - Anis Trading","robots":{"index":"index","follow":"follow","max-snippet":"max-snippet:-1","max-image-preview":"max-image-preview:large","max-video-preview":"max-video-preview:-1"},"canonical":"https:\/\/anis.trading\/pl\/postanowienia-ogolne\/","og_locale":"pl_PL","og_type":"article","og_title":"Postanowienia og\u00f3lne - Anis Trading","og_description":"Postanowienia og\u00f3lne Niniejsze Og\u00f3lne Warunki Sprzeda\u017cy (zwane dalej \u201eOWS\u201d) maj\u0105 zastosowanie do wszystkich ofert i um\u00f3w zawieranych z ANIS TRADING SERVICES SP. Z O.O. z siedzib\u0105 w Warszawie (zwan\u0105 dalej \"Sprzedawc\u0105\" lub \u201eSprzedaj\u0105cym\u201d) w zakresie sprzeda\u017cy i dostawy towar\u00f3w przez Sprzedaj\u0105cego na rzecz strony, do kt\u00f3rej skierowana jest oferta (zwanej dalej \u201eKupuj\u0105cym\u201d). OWS stanowi\u0105 integraln\u0105 [&hellip;]","og_url":"https:\/\/anis.trading\/pl\/postanowienia-ogolne\/","og_site_name":"Anis Trading","twitter_card":"summary_large_image","twitter_misc":{"Szacowany czas czytania":"8 minut"},"schema":{"@context":"https:\/\/schema.org","@graph":[{"@type":"WebPage","@id":"https:\/\/anis.trading\/pl\/postanowienia-ogolne\/","url":"https:\/\/anis.trading\/pl\/postanowienia-ogolne\/","name":"Postanowienia og\u00f3lne - Anis Trading","isPartOf":{"@id":"https:\/\/anis.trading\/pl\/#website"},"datePublished":"2025-04-16T15:38:20+00:00","breadcrumb":{"@id":"https:\/\/anis.trading\/pl\/postanowienia-ogolne\/#breadcrumb"},"inLanguage":"pl-PL","potentialAction":[{"@type":"ReadAction","target":["https:\/\/anis.trading\/pl\/postanowienia-ogolne\/"]}]},{"@type":"BreadcrumbList","@id":"https:\/\/anis.trading\/pl\/postanowienia-ogolne\/#breadcrumb","itemListElement":[{"@type":"ListItem","position":1,"name":"Home","item":"https:\/\/anis.trading\/pl\/homepage\/"},{"@type":"ListItem","position":2,"name":"Postanowienia og\u00f3lne"}]},{"@type":"WebSite","@id":"https:\/\/anis.trading\/pl\/#website","url":"https:\/\/anis.trading\/pl\/","name":"Anis Trading","description":"","potentialAction":[{"@type":"SearchAction","target":{"@type":"EntryPoint","urlTemplate":"https:\/\/anis.trading\/pl\/?s={search_term_string}"},"query-input":{"@type":"PropertyValueSpecification","valueRequired":true,"valueName":"search_term_string"}}],"inLanguage":"pl-PL"}]}},"_links":{"self":[{"href":"https:\/\/anis.trading\/pl\/wp-json\/wp\/v2\/pages\/173","targetHints":{"allow":["GET"]}}],"collection":[{"href":"https:\/\/anis.trading\/pl\/wp-json\/wp\/v2\/pages"}],"about":[{"href":"https:\/\/anis.trading\/pl\/wp-json\/wp\/v2\/types\/page"}],"author":[{"embeddable":true,"href":"https:\/\/anis.trading\/pl\/wp-json\/wp\/v2\/users\/2"}],"replies":[{"embeddable":true,"href":"https:\/\/anis.trading\/pl\/wp-json\/wp\/v2\/comments?post=173"}],"version-history":[{"count":0,"href":"https:\/\/anis.trading\/pl\/wp-json\/wp\/v2\/pages\/173\/revisions"}],"wp:attachment":[{"href":"https:\/\/anis.trading\/pl\/wp-json\/wp\/v2\/media?parent=173"}],"curies":[{"name":"wp","href":"https:\/\/api.w.org\/{rel}","templated":true}]}}