{"id":165,"date":"2025-04-16T17:25:50","date_gmt":"2025-04-16T15:25:50","guid":{"rendered":"https:\/\/anis.trading\/privacy\/"},"modified":"2025-04-16T17:35:47","modified_gmt":"2025-04-16T15:35:47","slug":"privacy","status":"publish","type":"page","link":"https:\/\/anis.trading\/pl\/privacy\/","title":{"rendered":"Privacy Policy"},"content":{"rendered":"<p>[et_pb_section fb_built=&#8221;1&#8243; _builder_version=&#8221;4.27.4&#8243; _module_preset=&#8221;default&#8221; locked=&#8221;off&#8221; global_colors_info=&#8221;{}&#8221;][et_pb_row _builder_version=&#8221;4.27.4&#8243; _module_preset=&#8221;default&#8221; global_colors_info=&#8221;{}&#8221;][et_pb_column type=&#8221;4_4&#8243; _builder_version=&#8221;4.27.4&#8243; _module_preset=&#8221;default&#8221; global_colors_info=&#8221;{}&#8221;][et_pb_text _builder_version=&#8221;4.27.4&#8243; _module_preset=&#8221;default&#8221; global_colors_info=&#8221;{}&#8221;]<\/p>\n<h1 align=\"justify\">Privacy Policy<\/h1>\n<p align=\"justify\"><span lang=\"en-SG\">Anis Trading Services Sp. z o.o. Ul. \u017belazna 40\/101, 00-832 Warszawa, Polska; Numer firmy: NIP: 5273092771, KRS 0001080504 jako administrator danych, informuje niniejszym, \u017ce zgodnie z art. 13 Rozporz\u0105dzenia Parlamentu Europejskiego i Rady (UE) 2016\/679, Twoje dane b\u0119d\u0105 przetwarzane w nast\u0119puj\u0105cy spos\u00f3b i w nast\u0119puj\u0105cych celach:   <\/span><\/p>\n<h2 align=\"justify\"><span lang=\"en-SG\"><u>Cel przetwarzania danych osobowych<\/u><\/span><\/h2>\n<p align=\"justify\"><span lang=\"en-SG\">Administrator przetwarza dane osobowe, identyfikuj\u0105ce i niewra\u017cliwe (w szczeg\u00f3lno\u015bci imi\u0119, nazwisko, kod podatkowy, numer VAT, adres e-mail, numer telefonu \u2013 dalej \u201edane osobowe\u201d lub \u201edane\u201d) przekazane przez Pana\/Pani\u0105 podczas rejestracji na stronie internetowej w\u0142a\u015bciciela i\/lub podczas rejestracji w us\u0142udze newslettera oferowanej przez Administratora.<\/span><\/p>\n<p align=\"justify\"><span lang=\"en-SG\">Cel przetwarzania danych<\/span><\/p>\n<p align=\"justify\"><span lang=\"en-SG\">Pani\/Pana dane osobowe s\u0105 przetwarzane:<\/span><\/p>\n<p align=\"justify\"><span lang=\"en-SG\">Bez Pani\/Pana wyra\u017anej zgody (zgodnie z art. 24 a, b, c Kodeksu prywatno\u015bci i art. 6 lit. b RODO), w nast\u0119puj\u0105cych celach:<\/span><\/p>\n<p align=\"justify\"><span lang=\"en-SG\">Umo\u017cliwienia rejestracji na stronie internetowej;<\/span><\/p>\n<p align=\"justify\"><span lang=\"en-SG\">zarz\u0105dzania stron\u0105 internetow\u0105 i utrzymywania jej;<\/span><\/p>\n<p align=\"justify\"><span lang=\"en-SG\">umo\u017cliwienia zapisania si\u0119 do newslettera dostarczonego przez w\u0142a\u015bciciela oraz do ewentualnych innych zam\u00f3wionych us\u0142ug;<\/span><\/p>\n<p align=\"justify\"><span lang=\"en-SG\">wykonywania obowi\u0105zk\u00f3w przedumownych, umownych i podatkowych wynikaj\u0105cych z relacji z Pani\u0105\/Panem;<\/span><\/p>\n<p align=\"justify\"><span lang=\"en-SG\">wykonywania obowi\u0105zk\u00f3w prawnych, wynikaj\u0105cych z przepis\u00f3w, prawa wsp\u00f3lnotowego lub nakazu w\u0142adzy;<\/span><\/p>\n<p align=\"justify\"><span lang=\"en-SG\">zapobiegania lub wykrywania nieuczciwych dzia\u0142a\u0144 lub szkodliwych nadu\u017cy\u0107 na stronie internetowej;<\/span><\/p>\n<p align=\"justify\"><span lang=\"en-SG\">wykonywania praw w\u0142a\u015bciciela, prawa do obrony w<\/span><\/p>\n<p align=\"justify\"><span lang=\"en-SG\">Tylko za Pani\/Pana wyra\u017an\u0105 zgod\u0105 (art. 23 i 130 Kodeksu prywatno\u015bci i art. 7 RODO), w nast\u0119puj\u0105cym celu marketingowym:<\/span><\/p>\n<p align=\"justify\"><span lang=\"en-SG\">Wysy\u0142anie e-mailem newslettera, komunikat\u00f3w handlowych i\/lub materia\u0142\u00f3w reklamowych dotycz\u0105cych produktu lub us\u0142ug oferowanych przez<\/span><\/p>\n<p align=\"justify\"><span lang=\"en-SG\">Przypominamy, \u017ce je\u015bli jest Pani\/Pan ju\u017c naszym klientem, mo\u017cemy wysy\u0142a\u0107 Pani\/Panu komunikaty handlowe dotycz\u0105ce us\u0142ug i produkt\u00f3w W\u0142a\u015bciciela podobne do tych, z kt\u00f3rych ju\u017c Pani\/Pan korzysta\u0142\/a, z wyj\u0105tkiem sprzeciwu (art. 130 c. 4 Kodeksu prywatno\u015bci).<\/span><\/p>\n<p align=\"justify\"><span lang=\"en-SG\">Sposoby przetwarzania danych<\/span><\/p>\n<p align=\"justify\"><span lang=\"en-SG\">Przetwarzanie Pani\/Pana danych osobowych odbywa si\u0119 za pomoc\u0105 nast\u0119puj\u0105cych dzia\u0142a\u0144 wskazanych w art. 4 Kodeksu prywatno\u015bci oraz w art. 4 n. 2 RODO: gromadzenia, rejestracji, organizowania, przechowywania, konsultowania, przetwarzania, modyfikowania, selekcji, wyodr\u0119bniania, por\u00f3wnywania, wykorzystywania, wzajemnych po\u0142\u0105cze\u0144, blokowania, przekazywania, usuwania i niszczenia danych. Pani\/Pana dane osobowe s\u0105 przetwarzane zar\u00f3wno w formie papierowej, jak i elektronicznej i\/lub w spos\u00f3b zautomatyzowany.  <\/span><\/p>\n<p align=\"justify\"><span lang=\"en-SG\">W\u0142a\u015bciciel b\u0119dzie przetwarza\u0142 dane osobowe przez czas niezb\u0119dny do realizacji wy\u017cej wymienionych cel\u00f3w, a w ka\u017cdym razie nie d\u0142u\u017cej ni\u017c przez okres od zako\u0144czenia relacji do cel\u00f3w \u015bwiadczenia us\u0142ug od gromadzenia danych do cel\u00f3w marketingowych.<\/span><\/p>\n<p align=\"justify\"><span lang=\"en-SG\">Dost\u0119p do danych<\/span><\/p>\n<p align=\"justify\"><span lang=\"en-SG\">Pani\/Pana dane mog\u0105 zosta\u0107 udost\u0119pnione do cel\u00f3w okre\u015blonych w art. 2.A) e 2.B):<\/span><\/p>\n<p align=\"justify\"><span lang=\"en-SG\">Pracownikom i wsp\u00f3\u0142pracownikom W\u0142a\u015bciciela, w charakterze agent\u00f3w i\/lub wewn\u0119trznych mened\u017cer\u00f3w przetwarzania i\/lub administrator\u00f3w systemu;<\/span><\/p>\n<p align=\"justify\"><span lang=\"en-SG\">Transmisja danych<\/span><\/p>\n<p align=\"justify\"><span lang=\"en-SG\">Bez Pani\/Pana wyra\u017anej zgody (dawniej art. 24 lit. a), b), d) Kodeksu prywatno\u015bci i art. 6 lit. b) i c) RODO) W\u0142a\u015bciciel mo\u017ce przekaza\u0107 Pani\/Pana dane w celach, o kt\u00f3rych mowa w art. 2.A) organom nadzorczym, organom s\u0105dowym, a tak\u017ce wszystkim innym podmiotom, dla kt\u00f3rych komunikacja jest obowi\u0105zkowa z mocy prawa dla osi\u0105gni\u0119cia wspomnianych cel\u00f3w. Pa\u0144stwa dane osobowe nie b\u0119d\u0105 ujawniane.     <\/span><\/p>\n<p align=\"justify\"><span lang=\"en-SG\">Przesy\u0142anie danych<\/span><\/p>\n<p align=\"justify\"><span lang=\"en-SG\">Zarz\u0105dzanie i przechowywanie danych osobowych b\u0119dzie odbywa\u0107 si\u0119 na serwerze w Unii Europejskiej W\u0142a\u015bciciela i\/lub firm trzecich odpowiedzialnych i nale\u017cycie wyznaczonych jako podmioty przetwarzaj\u0105ce dane. Obecnie serwery znajduj\u0105 si\u0119 w Europie. Dane nie b\u0119d\u0105 przekazywane poza Uni\u0119 Europejsk\u0105. W ka\u017cdym przypadku przyjmuje si\u0119, \u017ce administrator danych, w razie potrzeby, b\u0119dzie mia\u0142 prawo do przeniesienia lokalizacji serwera do W\u0142och i\/lub Unii Europejskiej i\/lub kraj\u00f3w spoza UE. W takim przypadku, W\u0142a\u015bciciel niniejszym zapewnia, \u017ce przekazywanie danych spoza UE odb\u0119dzie si\u0119 zgodnie z obowi\u0105zuj\u0105cymi przepisami prawa okre\u015blaj\u0105cymi, w razie potrzeby, umowy gwarantuj\u0105ce odpowiedni poziom ochrony i\/lub przyjmuj\u0105ce standardowe klauzule umowne przewidziane dla Komisji Europejskiej.    <\/span><\/p>\n<p align=\"justify\"><span lang=\"en-SG\">Charakter podania danych i konsekwencje odmowy odpowiedzi<\/span><\/p>\n<p align=\"justify\"><span lang=\"en-SG\">Podanie danych w celach, o kt\u00f3rych mowa w art. 2.A) jest wymagane. W przypadku ich braku nie mo\u017cemy zagwarantowa\u0107 ani rejestracji na stronie, ani us\u0142ug okre\u015blonych w art. 2.A). <\/span><\/p>\n<p align=\"justify\"><span lang=\"en-SG\">Podanie danych w celach, o kt\u00f3rych mowa w art. 2.B) jest opcjonalne. Mo\u017ce Pani\/Pan zatem zdecydowa\u0107 si\u0119 nie podawa\u0107 \u017cadnych danych lub p\u00f3\u017aniej odm\u00f3wi\u0107 mo\u017cliwo\u015bci przetwarzania ju\u017c podanych danych. W takim przypadku nie b\u0119dzie Pani\/Pan m\u00f3g\u0142\/mog\u0142a otrzymywa\u0107 biuletyn\u00f3w, komunikat\u00f3w handlowych i materia\u0142\u00f3w reklamowych zwi\u0105zanych z us\u0142ugami oferowanymi przez W\u0142a\u015bciciela. W ka\u017cdym przypadku nadal b\u0119dzie Pani\/Pan uprawniony\/a do us\u0142ug, o kt\u00f3rych mowa w art. 2.A).  <\/span><\/p>\n<p align=\"justify\"><span lang=\"en-SG\">Prawa stron zainteresowanych<\/span><\/p>\n<p align=\"justify\"><span lang=\"en-SG\">Jako zainteresowanej stronie przys\u0142uguj\u0105 Pa\u0144stwu prawa okre\u015blone w art. 7 Kodeksu prywatno\u015bci i art. 15 RODO, a dok\u0142adnie prawa do:<\/span><\/p>\n<p align=\"justify\"><span lang=\"en-SG\">Uzyskania potwierdzenia istnienia lub braku danych osobowych dotycz\u0105cych Pani\/Pana, nawet je\u015bli nie zosta\u0142y jeszcze zarejestrowane, oraz ich przekazanie w zrozumia\u0142ej formie;<\/span><\/p>\n<p align=\"justify\"><span lang=\"en-SG\">Otrzymania: a) pochodzenia danych osobowych; b) cel\u00f3w i metod przetwarzania; c) logiki stosowanej w przypadku przetwarzania przeprowadzanego za pomoc\u0105 instrument\u00f3w elektronicznych; d) danych identyfikacyjnych w\u0142a\u015bciciela, mened\u017cer\u00f3w i wyznaczonego przedstawiciela zgodnie z art. 5 ust. 2 Kodeksu prywatno\u015bci i art. 3 ust. 1 RODO; e) podmiotu lub kategorii podmiot\u00f3w, kt\u00f3rym dane osobowe mog\u0105 by\u0107 przekazywane lub kt\u00f3rzy mog\u0105 dowiedzie\u0107 si\u0119 o nich jako o wyznaczonym przedstawicielu na terytorium pa\u0144stwa, mened\u017cerach lub agentach;     <\/span><\/p>\n<p align=\"justify\"><span lang=\"en-SG\">uzyskania: a) aktualizacji, sprostowania lub, w razie zainteresowania, integracji danych; b) usuni\u0119cia, przekszta\u0142cenia w formie anonimowej lub zbioru danych przetwarzanych z naruszeniem prawa, w tym tych, kt\u00f3rych zatrzymywanie nie jest konieczne w zwi\u0105zku z celami, dla kt\u00f3rych dane zosta\u0142y zebrane lub nast\u0119pnie przetworzone; c) za\u015bwiadczenia, \u017ce operacje, o kt\u00f3rych mowa w lit. a) i b), zosta\u0142y przekazane lub rozpowszechnione, z wyj\u0105tkiem przypadku, gdy spe\u0142nienie tego warunku oka\u017ce si\u0119 niemo\u017cliwe lub wi\u0105\u017ce si\u0119 z u\u017cyciem \u015brodk\u00f3w w spos\u00f3b oczywisty nieproporcjonalny do prawa chronionego;     <\/span><\/p>\n<p align=\"justify\"><span lang=\"en-SG\">sprzeciwia\u0107 si\u0119, w ca\u0142o\u015bci lub w cz\u0119\u015bci: a) z uzasadnionych przyczyn, przetwarzaniu dotycz\u0105cych Pa\u0144stwa danych osobowych, nawet je\u015bli ma to zwi\u0105zek z celem ich zbierania; b) przetwarzaniu dotycz\u0105cych Pa\u0144stwa danych osobowych w celu wysy\u0142ania materia\u0142\u00f3w reklamowych lub zwi\u0105zanych ze sprzeda\u017c\u0105 bezpo\u015bredni\u0105 lub w celu prowadzenia bada\u0144 rynku lub komunikacji handlowej, poprzez wykorzystanie zautomatyzowanych system\u00f3w po\u0142\u0105cze\u0144 bez interwencji operatora za po\u015brednictwem poczty elektronicznej i\/lub tradycyjnych metod marketingowych za po\u015brednictwem telefonu i\/lub poczty papierowej. Nale\u017cy zwr\u00f3ci\u0107 uwag\u0119, \u017ce prawo do sprzeciwu strony zainteresowanej, okre\u015blone w pkt b) powy\u017cej, do cel\u00f3w marketingu bezpo\u015bredniego za pomoc\u0105 metod zautomatyzowanych rozci\u0105ga si\u0119 na metody tradycyjne, i \u017ce w ka\u017cdym przypadku osoba, kt\u00f3rej dane dotycz\u0105, ma mo\u017cliwo\u015b\u0107 skorzystania z prawa do sprzeciwu nawet tylko cz\u0119\u015bciowo. W zwi\u0105zku z tym, zainteresowana strona mo\u017ce zdecydowa\u0107, \u017ce b\u0119dzie otrzymywa\u0107 wy\u0142\u0105cznie komunikaty tradycyjnymi metodami lub wy\u0142\u0105cznie komunikaty zautomatyzowane lub \u017caden z dw\u00f3ch rodzaj\u00f3w     <\/span><\/p>\n<p align=\"justify\"><span lang=\"en-SG\">W stosownych przypadkach przys\u0142uguj\u0105 Pa\u0144stwu r\u00f3wnie\u017c prawa, o kt\u00f3rych mowa w art. 16-21 RODO (prawo do sprostowania, prawo do bycia zapomnianym, prawo do ograniczenia przetwarzania danych, prawo do przenoszenia danych, prawo do sprzeciwu), jak r\u00f3wnie\u017c prawo zgodne z pozwoleniem Gwaranta. <\/span><\/p>\n<p align=\"justify\"><span lang=\"en-SG\">W jaki spos\u00f3b egzekwowa\u0107 swoje prawa<\/span><\/p>\n<p align=\"justify\"><span lang=\"en-SG\">Swoje uprawnienia mo\u017ce Pan\/Pani zrealizowa\u0107 w ka\u017cdej chwili, wysy\u0142aj\u0105c:<\/span><\/p>\n<p align=\"justify\"><span lang=\"en-SG\">listem poleconym do Anis Trading Services Sp. z o.o. Ul. \u017belazna 40\/101, 00-832 Warszawa; e-mail: privacy@anis.trading.  <\/span><\/p>\n<p align=\"justify\"><span lang=\"en-SG\">Nieletni<\/span><\/p>\n<p align=\"justify\"><span lang=\"en-SG\">Niniejsza strona internetowa i us\u0142ugi W\u0142a\u015bciciela nie s\u0105 przeznaczone dla os\u00f3b niepe\u0142noletnich poni\u017cej 18 roku \u017cycia, a W\u0142a\u015bciciel nie gromadzi celowo danych osobowych dotycz\u0105cych os\u00f3b niepe\u0142noletnich. W przypadku, gdy informacje o ma\u0142oletnich zosta\u0142y zarejestrowane w spos\u00f3b niezamierzony, W\u0142a\u015bciciel usunie je wcze\u015bniej, na \u017c\u0105danie u\u017cytkownik\u00f3w. <\/span><\/p>\n<p align=\"justify\"><span lang=\"en-SG\">W\u0142a\u015bciciel, mened\u017cer i po\u015brednicy<\/span><\/p>\n<p align=\"justify\"><span lang=\"en-SG\">W\u0142a\u015bcicielem przetwarzania danych osobowych jest firma Anis Trading Services Sp. z o.o.<\/span><\/p>\n<p align=\"justify\"><span lang=\"en-SG\">Zaktualizowana lista podmiot\u00f3w przetwarzaj\u0105cych dane oraz kierownika jest przechowywana w biurze W\u0142a\u015bciciela<\/span><\/p>\n<p align=\"justify\"><span lang=\"en-SG\">Zmiany w niniejszych informacjach<\/span><\/p>\n<p align=\"justify\"><span lang=\"en-SG\">Informacje te mog\u0105 ulec zmianie. Z tego powodu zaleca si\u0119 regularne sprawdzanie tych informacji i odwo\u0142ywanie si\u0119 do najbardziej aktualnej wersji. <\/span><\/p>\n<p>[\/et_pb_text][\/et_pb_column][\/et_pb_row][\/et_pb_section]<\/p>\n","protected":false},"excerpt":{"rendered":"<p>Privacy Policy Anis Trading Services Sp. z o.o. Ul. \u017belazna 40\/101, 00-832 Warszawa, Polska; Numer firmy: NIP: 5273092771, KRS 0001080504 jako administrator danych, informuje niniejszym, \u017ce zgodnie z art. 13 Rozporz\u0105dzenia Parlamentu Europejskiego i Rady (UE) 2016\/679, Twoje dane b\u0119d\u0105 przetwarzane w nast\u0119puj\u0105cy spos\u00f3b i w nast\u0119puj\u0105cych celach: Cel przetwarzania danych osobowych Administrator przetwarza dane [&hellip;]<\/p>\n","protected":false},"author":1,"featured_media":0,"parent":0,"menu_order":0,"comment_status":"closed","ping_status":"closed","template":"","meta":{"_et_pb_use_builder":"on","_et_pb_old_content":"","_et_gb_content_width":"","footnotes":""},"class_list":["post-165","page","type-page","status-publish","hentry"],"yoast_head":"<!-- This site is optimized with the Yoast SEO plugin v26.8 - https:\/\/yoast.com\/product\/yoast-seo-wordpress\/ -->\n<title>Privacy Policy - Anis Trading<\/title>\n<meta name=\"robots\" content=\"index, follow, max-snippet:-1, max-image-preview:large, max-video-preview:-1\" \/>\n<link rel=\"canonical\" href=\"https:\/\/anis.trading\/pl\/privacy\/\" \/>\n<meta property=\"og:locale\" content=\"pl_PL\" \/>\n<meta property=\"og:type\" content=\"article\" \/>\n<meta property=\"og:title\" content=\"Privacy Policy - Anis Trading\" \/>\n<meta property=\"og:description\" content=\"Privacy Policy Anis Trading Services Sp. z o.o. Ul. \u017belazna 40\/101, 00-832 Warszawa, Polska; Numer firmy: NIP: 5273092771, KRS 0001080504 jako administrator danych, informuje niniejszym, \u017ce zgodnie z art. 13 Rozporz\u0105dzenia Parlamentu Europejskiego i Rady (UE) 2016\/679, Twoje dane b\u0119d\u0105 przetwarzane w nast\u0119puj\u0105cy spos\u00f3b i w nast\u0119puj\u0105cych celach: Cel przetwarzania danych osobowych Administrator przetwarza dane [&hellip;]\" \/>\n<meta property=\"og:url\" content=\"https:\/\/anis.trading\/pl\/privacy\/\" \/>\n<meta property=\"og:site_name\" content=\"Anis Trading\" \/>\n<meta property=\"article:modified_time\" content=\"2025-04-16T15:35:47+00:00\" \/>\n<meta name=\"twitter:card\" content=\"summary_large_image\" \/>\n<meta name=\"twitter:label1\" content=\"Szacowany czas czytania\" \/>\n\t<meta name=\"twitter:data1\" content=\"7 minut\" \/>\n<script type=\"application\/ld+json\" class=\"yoast-schema-graph\">{\"@context\":\"https:\/\/schema.org\",\"@graph\":[{\"@type\":\"WebPage\",\"@id\":\"https:\/\/anis.trading\/pl\/privacy\/\",\"url\":\"https:\/\/anis.trading\/pl\/privacy\/\",\"name\":\"Privacy Policy - Anis Trading\",\"isPartOf\":{\"@id\":\"https:\/\/anis.trading\/pl\/#website\"},\"datePublished\":\"2025-04-16T15:25:50+00:00\",\"dateModified\":\"2025-04-16T15:35:47+00:00\",\"breadcrumb\":{\"@id\":\"https:\/\/anis.trading\/pl\/privacy\/#breadcrumb\"},\"inLanguage\":\"pl-PL\",\"potentialAction\":[{\"@type\":\"ReadAction\",\"target\":[\"https:\/\/anis.trading\/pl\/privacy\/\"]}]},{\"@type\":\"BreadcrumbList\",\"@id\":\"https:\/\/anis.trading\/pl\/privacy\/#breadcrumb\",\"itemListElement\":[{\"@type\":\"ListItem\",\"position\":1,\"name\":\"Home\",\"item\":\"https:\/\/anis.trading\/pl\/homepage\/\"},{\"@type\":\"ListItem\",\"position\":2,\"name\":\"Privacy Policy\"}]},{\"@type\":\"WebSite\",\"@id\":\"https:\/\/anis.trading\/pl\/#website\",\"url\":\"https:\/\/anis.trading\/pl\/\",\"name\":\"Anis Trading\",\"description\":\"\",\"potentialAction\":[{\"@type\":\"SearchAction\",\"target\":{\"@type\":\"EntryPoint\",\"urlTemplate\":\"https:\/\/anis.trading\/pl\/?s={search_term_string}\"},\"query-input\":{\"@type\":\"PropertyValueSpecification\",\"valueRequired\":true,\"valueName\":\"search_term_string\"}}],\"inLanguage\":\"pl-PL\"}]}<\/script>\n<!-- \/ Yoast SEO plugin. -->","yoast_head_json":{"title":"Privacy Policy - Anis Trading","robots":{"index":"index","follow":"follow","max-snippet":"max-snippet:-1","max-image-preview":"max-image-preview:large","max-video-preview":"max-video-preview:-1"},"canonical":"https:\/\/anis.trading\/pl\/privacy\/","og_locale":"pl_PL","og_type":"article","og_title":"Privacy Policy - Anis Trading","og_description":"Privacy Policy Anis Trading Services Sp. z o.o. Ul. \u017belazna 40\/101, 00-832 Warszawa, Polska; Numer firmy: NIP: 5273092771, KRS 0001080504 jako administrator danych, informuje niniejszym, \u017ce zgodnie z art. 13 Rozporz\u0105dzenia Parlamentu Europejskiego i Rady (UE) 2016\/679, Twoje dane b\u0119d\u0105 przetwarzane w nast\u0119puj\u0105cy spos\u00f3b i w nast\u0119puj\u0105cych celach: Cel przetwarzania danych osobowych Administrator przetwarza dane [&hellip;]","og_url":"https:\/\/anis.trading\/pl\/privacy\/","og_site_name":"Anis Trading","article_modified_time":"2025-04-16T15:35:47+00:00","twitter_card":"summary_large_image","twitter_misc":{"Szacowany czas czytania":"7 minut"},"schema":{"@context":"https:\/\/schema.org","@graph":[{"@type":"WebPage","@id":"https:\/\/anis.trading\/pl\/privacy\/","url":"https:\/\/anis.trading\/pl\/privacy\/","name":"Privacy Policy - Anis Trading","isPartOf":{"@id":"https:\/\/anis.trading\/pl\/#website"},"datePublished":"2025-04-16T15:25:50+00:00","dateModified":"2025-04-16T15:35:47+00:00","breadcrumb":{"@id":"https:\/\/anis.trading\/pl\/privacy\/#breadcrumb"},"inLanguage":"pl-PL","potentialAction":[{"@type":"ReadAction","target":["https:\/\/anis.trading\/pl\/privacy\/"]}]},{"@type":"BreadcrumbList","@id":"https:\/\/anis.trading\/pl\/privacy\/#breadcrumb","itemListElement":[{"@type":"ListItem","position":1,"name":"Home","item":"https:\/\/anis.trading\/pl\/homepage\/"},{"@type":"ListItem","position":2,"name":"Privacy Policy"}]},{"@type":"WebSite","@id":"https:\/\/anis.trading\/pl\/#website","url":"https:\/\/anis.trading\/pl\/","name":"Anis Trading","description":"","potentialAction":[{"@type":"SearchAction","target":{"@type":"EntryPoint","urlTemplate":"https:\/\/anis.trading\/pl\/?s={search_term_string}"},"query-input":{"@type":"PropertyValueSpecification","valueRequired":true,"valueName":"search_term_string"}}],"inLanguage":"pl-PL"}]}},"_links":{"self":[{"href":"https:\/\/anis.trading\/pl\/wp-json\/wp\/v2\/pages\/165","targetHints":{"allow":["GET"]}}],"collection":[{"href":"https:\/\/anis.trading\/pl\/wp-json\/wp\/v2\/pages"}],"about":[{"href":"https:\/\/anis.trading\/pl\/wp-json\/wp\/v2\/types\/page"}],"author":[{"embeddable":true,"href":"https:\/\/anis.trading\/pl\/wp-json\/wp\/v2\/users\/1"}],"replies":[{"embeddable":true,"href":"https:\/\/anis.trading\/pl\/wp-json\/wp\/v2\/comments?post=165"}],"version-history":[{"count":1,"href":"https:\/\/anis.trading\/pl\/wp-json\/wp\/v2\/pages\/165\/revisions"}],"predecessor-version":[{"id":168,"href":"https:\/\/anis.trading\/pl\/wp-json\/wp\/v2\/pages\/165\/revisions\/168"}],"wp:attachment":[{"href":"https:\/\/anis.trading\/pl\/wp-json\/wp\/v2\/media?parent=165"}],"curies":[{"name":"wp","href":"https:\/\/api.w.org\/{rel}","templated":true}]}}